{"id":2714,"date":"2018-12-20T12:07:10","date_gmt":"2018-12-20T11:07:10","guid":{"rendered":"https:\/\/cmesrl.com\/chi-siamo\/"},"modified":"2021-08-03T15:56:40","modified_gmt":"2021-08-03T13:56:40","slug":"ueber-uns","status":"publish","type":"page","link":"https:\/\/www.cmesrl.com\/de\/ueber-uns\/","title":{"rendered":"\u00dcber Uns"},"content":{"rendered":"\t\t<div data-elementor-type=\"wp-post\" data-elementor-id=\"2714\" class=\"elementor elementor-2714 elementor-139\" data-elementor-post-type=\"page\">\n\t\t\t\t\t\t<section class=\"elementor-section elementor-top-section elementor-element elementor-element-315e050b elementor-section-content-middle elementor-section-boxed elementor-section-height-default elementor-section-height-default\" data-id=\"315e050b\" data-element_type=\"section\" data-e-type=\"section\">\n\t\t\t\t\t\t<div class=\"elementor-container elementor-column-gap-no\">\n\t\t\t\t\t<div class=\"elementor-column elementor-col-50 elementor-top-column elementor-element elementor-element-4a932807\" data-id=\"4a932807\" data-element_type=\"column\" data-e-type=\"column\">\n\t\t\t<div class=\"elementor-widget-wrap elementor-element-populated\">\n\t\t\t\t\t\t<div class=\"elementor-element elementor-element-1bc454dc elementor-widget elementor-widget-heading\" data-id=\"1bc454dc\" data-element_type=\"widget\" data-e-type=\"widget\" data-widget_type=\"heading.default\">\n\t\t\t\t<div class=\"elementor-widget-container\">\n\t\t\t\t\t<h1 class=\"elementor-heading-title elementor-size-default\">\u00dcber Uns<\/h1>\t\t\t\t<\/div>\n\t\t\t\t<\/div>\n\t\t\t\t<div class=\"elementor-element elementor-element-4d5c2e8a elementor-widget elementor-widget-text-editor\" data-id=\"4d5c2e8a\" data-element_type=\"widget\" data-e-type=\"widget\" data-widget_type=\"text-editor.default\">\n\t\t\t\t<div class=\"elementor-widget-container\">\n\t\t\t\t\t\t\t\t\t<p><strong>CME<\/strong> stellt <strong>seit 1991<\/strong> ein- und dreiphasige asynchrone, elektrische Motoren <strong>von der Gr\u00f6\u00dfe MEC 50 bis zur Gr\u00f6\u00dfe MEC 160<\/strong> in verschiedenen Formen und Polarit\u00e4ten her.\u00a0<\/p><p>Die Firma C.M.E. wurde 1991 gegr\u00fcndet. Ihr Ziel, ist es Produkte f\u00fcr Anwendungen herzustellen, wo Zuverl\u00e4ssigkeit und Qualit\u00e4t Vorrang haben. W\u00e4hrend der Jahren haben die Gr\u00fcndungsmitglieder eine Palette von Produkten entwickelt, die sich f\u00fcr verschiedene Anwendungen eignen. 100% Made in Italy.<\/p>\t\t\t\t\t\t\t\t<\/div>\n\t\t\t\t<\/div>\n\t\t\t\t\t<\/div>\n\t\t<\/div>\n\t\t\t\t<div class=\"elementor-column elementor-col-50 elementor-top-column elementor-element elementor-element-d6d0b2a\" data-id=\"d6d0b2a\" data-element_type=\"column\" data-e-type=\"column\">\n\t\t\t<div class=\"elementor-widget-wrap elementor-element-populated\">\n\t\t\t\t\t\t<div class=\"elementor-element elementor-element-4e37e632 elementor-widget elementor-widget-video\" data-id=\"4e37e632\" data-element_type=\"widget\" data-e-type=\"widget\" data-settings=\"{&quot;youtube_url&quot;:&quot;https:\\\/\\\/www.youtube.com\\\/watch?time_continue=1&amp;v=xFEWO-KfDyY&quot;,&quot;video_type&quot;:&quot;youtube&quot;,&quot;controls&quot;:&quot;yes&quot;}\" data-widget_type=\"video.default\">\n\t\t\t\t<div class=\"elementor-widget-container\">\n\t\t\t\t\t\t\t<div class=\"elementor-wrapper elementor-open-inline\">\n\t\t\t<div class=\"elementor-video\"><\/div>\t\t<\/div>\n\t\t\t\t\t\t<\/div>\n\t\t\t\t<\/div>\n\t\t\t\t\t<\/div>\n\t\t<\/div>\n\t\t\t\t\t<\/div>\n\t\t<\/section>\n\t\t\t\t<section class=\"elementor-section elementor-top-section elementor-element elementor-element-2fffc985 elementor-section-content-middle elementor-section-boxed elementor-section-height-default elementor-section-height-default\" data-id=\"2fffc985\" data-element_type=\"section\" data-e-type=\"section\">\n\t\t\t\t\t\t<div class=\"elementor-container elementor-column-gap-no\">\n\t\t\t\t\t<div class=\"elementor-column elementor-col-100 elementor-top-column elementor-element elementor-element-eeef36c\" data-id=\"eeef36c\" data-element_type=\"column\" data-e-type=\"column\">\n\t\t\t<div class=\"elementor-widget-wrap elementor-element-populated\">\n\t\t\t\t\t\t<div class=\"elementor-element elementor-element-388d328e elementor-widget elementor-widget-heading\" data-id=\"388d328e\" data-element_type=\"widget\" data-e-type=\"widget\" data-widget_type=\"heading.default\">\n\t\t\t\t<div class=\"elementor-widget-container\">\n\t\t\t\t\t<h4 class=\"elementor-heading-title elementor-size-default\">Unser Ziel<\/h4>\t\t\t\t<\/div>\n\t\t\t\t<\/div>\n\t\t\t\t<div class=\"elementor-element elementor-element-6cd26c9d elementor-widget elementor-widget-text-editor\" data-id=\"6cd26c9d\" data-element_type=\"widget\" data-e-type=\"widget\" data-widget_type=\"text-editor.default\">\n\t\t\t\t<div class=\"elementor-widget-container\">\n\t\t\t\t\t\t\t\t\t<p>Wir m\u00f6chten unseren Kunden zuverl\u00e4ssige und dauerhafte L\u00f6sungen bieten und den neuesten Anspr\u00fcchen des Markts folgen: Qualit\u00e4t, Anpassungsf\u00e4higkeit, Innovation und ma\u00dfgeschneiderte Produkte.\u00a0<\/p><p>Unsere Produktion ist flexibel und unsere Lieferanten haben unsere gleichen Werte.\u00a0<br \/>Genau deswegen ist CME immer in der Lage gewesen, Qualit\u00e4t und kurze Lieferzeiten auch f\u00fcr ma\u00dfgeschneiderte Produkte und besondere Anwendungen zu gew\u00e4hrleisten..<\/p>\t\t\t\t\t\t\t\t<\/div>\n\t\t\t\t<\/div>\n\t\t\t\t\t<\/div>\n\t\t<\/div>\n\t\t\t\t\t<\/div>\n\t\t<\/section>\n\t\t\t\t<section class=\"elementor-section elementor-top-section elementor-element elementor-element-438ca48 elementor-section-content-middle elementor-section-boxed elementor-section-height-default elementor-section-height-default\" data-id=\"438ca48\" data-element_type=\"section\" data-e-type=\"section\">\n\t\t\t\t\t\t<div class=\"elementor-container elementor-column-gap-no\">\n\t\t\t\t\t<div class=\"elementor-column elementor-col-100 elementor-top-column elementor-element elementor-element-3e8511d\" data-id=\"3e8511d\" data-element_type=\"column\" data-e-type=\"column\">\n\t\t\t<div class=\"elementor-widget-wrap elementor-element-populated\">\n\t\t\t\t\t\t<div class=\"elementor-element elementor-element-e0ef205 elementor-widget elementor-widget-text-editor\" data-id=\"e0ef205\" data-element_type=\"widget\" data-e-type=\"widget\" data-widget_type=\"text-editor.default\">\n\t\t\t\t<div class=\"elementor-widget-container\">\n\t\t\t\t\t\t\t\t\t<p>C.M.E. S.R.L. freut sich bekannt zu geben, dass er am 18. Oktober 2017 die Legalit\u00e4tsbewertung mit der Note von erhalten hat<\/p>\t\t\t\t\t\t\t\t<\/div>\n\t\t\t\t<\/div>\n\t\t\t\t<section class=\"elementor-section elementor-inner-section elementor-element elementor-element-4566a23 elementor-section-content-middle elementor-section-boxed elementor-section-height-default elementor-section-height-default\" data-id=\"4566a23\" data-element_type=\"section\" data-e-type=\"section\">\n\t\t\t\t\t\t<div class=\"elementor-container elementor-column-gap-no\">\n\t\t\t\t\t<div class=\"elementor-column elementor-col-100 elementor-inner-column elementor-element elementor-element-0f621c0\" data-id=\"0f621c0\" data-element_type=\"column\" data-e-type=\"column\">\n\t\t\t<div class=\"elementor-widget-wrap elementor-element-populated\">\n\t\t\t\t\t\t<div class=\"elementor-element elementor-element-c09d56a elementor-widget elementor-widget-image\" data-id=\"c09d56a\" data-element_type=\"widget\" data-e-type=\"widget\" data-widget_type=\"image.default\">\n\t\t\t\t<div class=\"elementor-widget-container\">\n\t\t\t\t\t\t\t\t\t\t\t\t\t\t\t<img decoding=\"async\" width=\"335\" height=\"82\" src=\"https:\/\/www.cmesrl.com\/wp-content\/uploads\/2021\/08\/Rating-di-legalita-cme2.jpeg\" class=\"attachment-large size-large wp-image-5912\" alt=\"Rating-di-legalita-cme2\" srcset=\"https:\/\/www.cmesrl.com\/wp-content\/uploads\/2021\/08\/Rating-di-legalita-cme2.jpeg 335w, https:\/\/www.cmesrl.com\/wp-content\/uploads\/2021\/08\/Rating-di-legalita-cme2-300x73.jpeg 300w\" sizes=\"(max-width: 335px) 100vw, 335px\" \/>\t\t\t\t\t\t\t\t\t\t\t\t\t\t\t<\/div>\n\t\t\t\t<\/div>\n\t\t\t\t<div class=\"elementor-element elementor-element-0607c8f elementor-widget elementor-widget-text-editor\" data-id=\"0607c8f\" data-element_type=\"widget\" data-e-type=\"widget\" data-widget_type=\"text-editor.default\">\n\t\t\t\t<div class=\"elementor-widget-container\">\n\t\t\t\t\t\t\t\t\t<p>Diese erteilte Anerkennung bescheinigt sie als tugendhafte Gesellschaft, die Ethik und Rechtm\u00e4\u00dfigkeit wertsch\u00e4tzt.<\/p>\t\t\t\t\t\t\t\t<\/div>\n\t\t\t\t<\/div>\n\t\t\t\t\t<\/div>\n\t\t<\/div>\n\t\t\t\t\t<\/div>\n\t\t<\/section>\n\t\t\t\t\t<\/div>\n\t\t<\/div>\n\t\t\t\t\t<\/div>\n\t\t<\/section>\n\t\t\t\t<\/div>\n\t\t","protected":false},"excerpt":{"rendered":"<p>\u00dcber Uns CME stellt seit 1991 ein- und dreiphasige asynchrone, elektrische Motoren von der Gr\u00f6\u00dfe MEC 50 bis zur Gr\u00f6\u00dfe MEC 160 in verschiedenen Formen und Polarit\u00e4ten her.\u00a0 Die Firma C.M.E. wurde 1991 gegr\u00fcndet. Ihr Ziel, ist es Produkte f\u00fcr Anwendungen herzustellen, wo Zuverl\u00e4ssigkeit und Qualit\u00e4t Vorrang haben. W\u00e4hrend der Jahren haben die Gr\u00fcndungsmitglieder eine [&hellip;]<\/p>\n","protected":false},"author":1,"featured_media":0,"parent":0,"menu_order":0,"comment_status":"closed","ping_status":"closed","template":"elementor_header_footer","meta":{"footnotes":""},"class_list":["post-2714","page","type-page","status-publish","hentry","entry"],"yoast_head":"<!-- This site is optimized with the Yoast SEO plugin v24.7 - https:\/\/yoast.com\/wordpress\/plugins\/seo\/ -->\n<title>\u00dcber uns - Cme srl Elektromotoren in Italien<\/title>\n<meta name=\"description\" content=\"1991 in Ferrara gegr\u00fcndet, ist C.M.E. Von der Antwort auf alle Anfragen zur Herstellung von Elektromotoren mit Zuverl\u00e4ssigkeit und Qualit\u00e4t: T. 051 6831072\" \/>\n<meta name=\"robots\" content=\"index, follow, max-snippet:-1, max-image-preview:large, max-video-preview:-1\" \/>\n<link rel=\"canonical\" href=\"https:\/\/www.cmesrl.com\/de\/ueber-uns\/\" \/>\n<meta property=\"og:locale\" content=\"de_DE\" \/>\n<meta property=\"og:type\" content=\"article\" \/>\n<meta property=\"og:title\" content=\"\u00dcber uns - Cme srl Elektromotoren in Italien\" \/>\n<meta property=\"og:description\" content=\"1991 in Ferrara gegr\u00fcndet, ist C.M.E. Von der Antwort auf alle Anfragen zur Herstellung von Elektromotoren mit Zuverl\u00e4ssigkeit und Qualit\u00e4t: T. 051 6831072\" \/>\n<meta property=\"og:url\" content=\"https:\/\/www.cmesrl.com\/de\/ueber-uns\/\" \/>\n<meta property=\"og:site_name\" content=\"Costruzione e Vendita Motori Elettrici CME srl\" \/>\n<meta property=\"article:publisher\" content=\"https:\/\/www.facebook.com\/CMEmotorielettrici\/\" \/>\n<meta property=\"article:modified_time\" content=\"2021-08-03T13:56:40+00:00\" \/>\n<meta property=\"og:image\" content=\"https:\/\/www.cmesrl.com\/wp-content\/uploads\/2021\/08\/Rating-di-legalita-cme2.jpeg\" \/>\n<meta name=\"twitter:card\" content=\"summary_large_image\" \/>\n<meta name=\"twitter:label1\" content=\"Gesch\u00e4tzte Lesezeit\" \/>\n\t<meta name=\"twitter:data1\" content=\"1\u00a0Minute\" \/>\n<script type=\"application\/ld+json\" class=\"yoast-schema-graph\">{\"@context\":\"https:\/\/schema.org\",\"@graph\":[{\"@type\":\"WebPage\",\"@id\":\"https:\/\/www.cmesrl.com\/de\/ueber-uns\/\",\"url\":\"https:\/\/www.cmesrl.com\/de\/ueber-uns\/\",\"name\":\"\u00dcber uns - Cme srl Elektromotoren in Italien\",\"isPartOf\":{\"@id\":\"https:\/\/www.cmesrl.com\/#website\"},\"primaryImageOfPage\":{\"@id\":\"https:\/\/www.cmesrl.com\/de\/ueber-uns\/#primaryimage\"},\"image\":{\"@id\":\"https:\/\/www.cmesrl.com\/de\/ueber-uns\/#primaryimage\"},\"thumbnailUrl\":\"https:\/\/www.cmesrl.com\/wp-content\/uploads\/2021\/08\/Rating-di-legalita-cme2.jpeg\",\"datePublished\":\"2018-12-20T11:07:10+00:00\",\"dateModified\":\"2021-08-03T13:56:40+00:00\",\"description\":\"1991 in Ferrara gegr\u00fcndet, ist C.M.E. Von der Antwort auf alle Anfragen zur Herstellung von Elektromotoren mit Zuverl\u00e4ssigkeit und Qualit\u00e4t: T. 051 6831072\",\"breadcrumb\":{\"@id\":\"https:\/\/www.cmesrl.com\/de\/ueber-uns\/#breadcrumb\"},\"inLanguage\":\"de\",\"potentialAction\":[{\"@type\":\"ReadAction\",\"target\":[\"https:\/\/www.cmesrl.com\/de\/ueber-uns\/\"]}]},{\"@type\":\"ImageObject\",\"inLanguage\":\"de\",\"@id\":\"https:\/\/www.cmesrl.com\/de\/ueber-uns\/#primaryimage\",\"url\":\"https:\/\/www.cmesrl.com\/wp-content\/uploads\/2021\/08\/Rating-di-legalita-cme2.jpeg\",\"contentUrl\":\"https:\/\/www.cmesrl.com\/wp-content\/uploads\/2021\/08\/Rating-di-legalita-cme2.jpeg\"},{\"@type\":\"BreadcrumbList\",\"@id\":\"https:\/\/www.cmesrl.com\/de\/ueber-uns\/#breadcrumb\",\"itemListElement\":[{\"@type\":\"ListItem\",\"position\":1,\"name\":\"Home\",\"item\":\"https:\/\/www.cmesrl.com\/de\/home-2\/\"},{\"@type\":\"ListItem\",\"position\":2,\"name\":\"\u00dcber Uns\"}]},{\"@type\":\"WebSite\",\"@id\":\"https:\/\/www.cmesrl.com\/#website\",\"url\":\"https:\/\/www.cmesrl.com\/\",\"name\":\"Motori Elettrici Produzione Vendita CME\",\"description\":\"Costruzione e Vendita Motori Elettrici CME srl\",\"potentialAction\":[{\"@type\":\"SearchAction\",\"target\":{\"@type\":\"EntryPoint\",\"urlTemplate\":\"https:\/\/www.cmesrl.com\/?s={search_term_string}\"},\"query-input\":{\"@type\":\"PropertyValueSpecification\",\"valueRequired\":true,\"valueName\":\"search_term_string\"}}],\"inLanguage\":\"de\"}]}<\/script>\n<!-- \/ Yoast SEO plugin. -->","yoast_head_json":{"title":"\u00dcber uns - Cme srl Elektromotoren in Italien","description":"1991 in Ferrara gegr\u00fcndet, ist C.M.E. Von der Antwort auf alle Anfragen zur Herstellung von Elektromotoren mit Zuverl\u00e4ssigkeit und Qualit\u00e4t: T. 051 6831072","robots":{"index":"index","follow":"follow","max-snippet":"max-snippet:-1","max-image-preview":"max-image-preview:large","max-video-preview":"max-video-preview:-1"},"canonical":"https:\/\/www.cmesrl.com\/de\/ueber-uns\/","og_locale":"de_DE","og_type":"article","og_title":"\u00dcber uns - Cme srl Elektromotoren in Italien","og_description":"1991 in Ferrara gegr\u00fcndet, ist C.M.E. Von der Antwort auf alle Anfragen zur Herstellung von Elektromotoren mit Zuverl\u00e4ssigkeit und Qualit\u00e4t: T. 051 6831072","og_url":"https:\/\/www.cmesrl.com\/de\/ueber-uns\/","og_site_name":"Costruzione e Vendita Motori Elettrici CME srl","article_publisher":"https:\/\/www.facebook.com\/CMEmotorielettrici\/","article_modified_time":"2021-08-03T13:56:40+00:00","og_image":[{"url":"https:\/\/www.cmesrl.com\/wp-content\/uploads\/2021\/08\/Rating-di-legalita-cme2.jpeg","type":"","width":"","height":""}],"twitter_card":"summary_large_image","twitter_misc":{"Gesch\u00e4tzte Lesezeit":"1\u00a0Minute"},"schema":{"@context":"https:\/\/schema.org","@graph":[{"@type":"WebPage","@id":"https:\/\/www.cmesrl.com\/de\/ueber-uns\/","url":"https:\/\/www.cmesrl.com\/de\/ueber-uns\/","name":"\u00dcber uns - Cme srl Elektromotoren in Italien","isPartOf":{"@id":"https:\/\/www.cmesrl.com\/#website"},"primaryImageOfPage":{"@id":"https:\/\/www.cmesrl.com\/de\/ueber-uns\/#primaryimage"},"image":{"@id":"https:\/\/www.cmesrl.com\/de\/ueber-uns\/#primaryimage"},"thumbnailUrl":"https:\/\/www.cmesrl.com\/wp-content\/uploads\/2021\/08\/Rating-di-legalita-cme2.jpeg","datePublished":"2018-12-20T11:07:10+00:00","dateModified":"2021-08-03T13:56:40+00:00","description":"1991 in Ferrara gegr\u00fcndet, ist C.M.E. Von der Antwort auf alle Anfragen zur Herstellung von Elektromotoren mit Zuverl\u00e4ssigkeit und Qualit\u00e4t: T. 051 6831072","breadcrumb":{"@id":"https:\/\/www.cmesrl.com\/de\/ueber-uns\/#breadcrumb"},"inLanguage":"de","potentialAction":[{"@type":"ReadAction","target":["https:\/\/www.cmesrl.com\/de\/ueber-uns\/"]}]},{"@type":"ImageObject","inLanguage":"de","@id":"https:\/\/www.cmesrl.com\/de\/ueber-uns\/#primaryimage","url":"https:\/\/www.cmesrl.com\/wp-content\/uploads\/2021\/08\/Rating-di-legalita-cme2.jpeg","contentUrl":"https:\/\/www.cmesrl.com\/wp-content\/uploads\/2021\/08\/Rating-di-legalita-cme2.jpeg"},{"@type":"BreadcrumbList","@id":"https:\/\/www.cmesrl.com\/de\/ueber-uns\/#breadcrumb","itemListElement":[{"@type":"ListItem","position":1,"name":"Home","item":"https:\/\/www.cmesrl.com\/de\/home-2\/"},{"@type":"ListItem","position":2,"name":"\u00dcber Uns"}]},{"@type":"WebSite","@id":"https:\/\/www.cmesrl.com\/#website","url":"https:\/\/www.cmesrl.com\/","name":"Motori Elettrici Produzione Vendita CME","description":"Costruzione e Vendita Motori Elettrici CME srl","potentialAction":[{"@type":"SearchAction","target":{"@type":"EntryPoint","urlTemplate":"https:\/\/www.cmesrl.com\/?s={search_term_string}"},"query-input":{"@type":"PropertyValueSpecification","valueRequired":true,"valueName":"search_term_string"}}],"inLanguage":"de"}]}},"_links":{"self":[{"href":"https:\/\/www.cmesrl.com\/de\/wp-json\/wp\/v2\/pages\/2714"}],"collection":[{"href":"https:\/\/www.cmesrl.com\/de\/wp-json\/wp\/v2\/pages"}],"about":[{"href":"https:\/\/www.cmesrl.com\/de\/wp-json\/wp\/v2\/types\/page"}],"author":[{"embeddable":true,"href":"https:\/\/www.cmesrl.com\/de\/wp-json\/wp\/v2\/users\/1"}],"replies":[{"embeddable":true,"href":"https:\/\/www.cmesrl.com\/de\/wp-json\/wp\/v2\/comments?post=2714"}],"version-history":[{"count":6,"href":"https:\/\/www.cmesrl.com\/de\/wp-json\/wp\/v2\/pages\/2714\/revisions"}],"predecessor-version":[{"id":5922,"href":"https:\/\/www.cmesrl.com\/de\/wp-json\/wp\/v2\/pages\/2714\/revisions\/5922"}],"wp:attachment":[{"href":"https:\/\/www.cmesrl.com\/de\/wp-json\/wp\/v2\/media?parent=2714"}],"curies":[{"name":"wp","href":"https:\/\/api.w.org\/{rel}","templated":true}]}}