{"id":2724,"date":"2018-12-20T12:03:08","date_gmt":"2018-12-20T11:03:08","guid":{"rendered":"https:\/\/cmesrl.com\/motori-elettrici-con-inverter\/"},"modified":"2025-06-23T19:07:20","modified_gmt":"2025-06-23T17:07:20","slug":"inverter-motoren","status":"publish","type":"page","link":"https:\/\/www.cmesrl.com\/de\/inverter-motoren\/","title":{"rendered":"Inverter Motoren"},"content":{"rendered":"\t\t<div data-elementor-type=\"wp-post\" data-elementor-id=\"2724\" class=\"elementor elementor-2724 elementor-135\" data-elementor-post-type=\"page\">\n\t\t\t\t\t\t<section class=\"elementor-section elementor-top-section elementor-element elementor-element-5afecaf elementor-section-boxed elementor-section-height-default elementor-section-height-default\" data-id=\"5afecaf\" data-element_type=\"section\" data-e-type=\"section\">\n\t\t\t\t\t\t<div class=\"elementor-container elementor-column-gap-default\">\n\t\t\t\t\t<div class=\"elementor-column elementor-col-100 elementor-top-column elementor-element elementor-element-6cb0ede\" data-id=\"6cb0ede\" data-element_type=\"column\" data-e-type=\"column\">\n\t\t\t<div class=\"elementor-widget-wrap elementor-element-populated\">\n\t\t\t\t\t\t<div class=\"elementor-element elementor-element-f4ab9c5 elementor-widget elementor-widget-heading\" data-id=\"f4ab9c5\" data-element_type=\"widget\" data-e-type=\"widget\" data-widget_type=\"heading.default\">\n\t\t\t\t<div class=\"elementor-widget-container\">\n\t\t\t\t\t<h1 class=\"elementor-heading-title elementor-size-default\">Inverter Motoren<\/h1>\t\t\t\t<\/div>\n\t\t\t\t<\/div>\n\t\t\t\t<div class=\"elementor-element elementor-element-25642ce elementor-widget-divider--view-line elementor-widget elementor-widget-divider\" data-id=\"25642ce\" data-element_type=\"widget\" data-e-type=\"widget\" data-widget_type=\"divider.default\">\n\t\t\t\t<div class=\"elementor-widget-container\">\n\t\t\t\t\t\t\t<div class=\"elementor-divider\">\n\t\t\t<span class=\"elementor-divider-separator\">\n\t\t\t\t\t\t<\/span>\n\t\t<\/div>\n\t\t\t\t\t\t<\/div>\n\t\t\t\t<\/div>\n\t\t\t\t\t<\/div>\n\t\t<\/div>\n\t\t\t\t\t<\/div>\n\t\t<\/section>\n\t\t\t\t<section class=\"elementor-section elementor-top-section elementor-element elementor-element-420338e elementor-section-boxed elementor-section-height-default elementor-section-height-default\" data-id=\"420338e\" data-element_type=\"section\" data-e-type=\"section\">\n\t\t\t\t\t\t<div class=\"elementor-container elementor-column-gap-default\">\n\t\t\t\t\t<div class=\"elementor-column elementor-col-50 elementor-top-column elementor-element elementor-element-152144f\" data-id=\"152144f\" data-element_type=\"column\" data-e-type=\"column\">\n\t\t\t<div class=\"elementor-widget-wrap elementor-element-populated\">\n\t\t\t\t\t\t<div class=\"elementor-element elementor-element-9e86f2d elementor-widget elementor-widget-image\" data-id=\"9e86f2d\" data-element_type=\"widget\" data-e-type=\"widget\" data-widget_type=\"image.default\">\n\t\t\t\t<div class=\"elementor-widget-container\">\n\t\t\t\t\t\t\t\t\t\t\t\t\t\t\t<img fetchpriority=\"high\" decoding=\"async\" width=\"800\" height=\"746\" src=\"https:\/\/www.cmesrl.com\/wp-content\/uploads\/2018\/12\/inverter-motore-prodotto-big.jpg\" class=\"attachment-large size-large wp-image-1294\" alt=\"\" srcset=\"https:\/\/www.cmesrl.com\/wp-content\/uploads\/2018\/12\/inverter-motore-prodotto-big.jpg 800w, https:\/\/www.cmesrl.com\/wp-content\/uploads\/2018\/12\/inverter-motore-prodotto-big-300x280.jpg 300w, https:\/\/www.cmesrl.com\/wp-content\/uploads\/2018\/12\/inverter-motore-prodotto-big-768x716.jpg 768w\" sizes=\"(max-width: 800px) 100vw, 800px\" \/>\t\t\t\t\t\t\t\t\t\t\t\t\t\t\t<\/div>\n\t\t\t\t<\/div>\n\t\t\t\t\t<\/div>\n\t\t<\/div>\n\t\t\t\t<div class=\"elementor-column elementor-col-50 elementor-top-column elementor-element elementor-element-d060880\" data-id=\"d060880\" data-element_type=\"column\" data-e-type=\"column\">\n\t\t\t<div class=\"elementor-widget-wrap elementor-element-populated\">\n\t\t\t\t\t\t<div class=\"elementor-element elementor-element-908ab4c elementor-widget elementor-widget-heading\" data-id=\"908ab4c\" data-element_type=\"widget\" data-e-type=\"widget\" data-widget_type=\"heading.default\">\n\t\t\t\t<div class=\"elementor-widget-container\">\n\t\t\t\t\t<h2 class=\"elementor-heading-title elementor-size-default\">Beschreibung<\/h2>\t\t\t\t<\/div>\n\t\t\t\t<\/div>\n\t\t\t\t<div class=\"elementor-element elementor-element-21cb167 elementor-widget-divider--view-line elementor-widget elementor-widget-divider\" data-id=\"21cb167\" data-element_type=\"widget\" data-e-type=\"widget\" data-widget_type=\"divider.default\">\n\t\t\t\t<div class=\"elementor-widget-container\">\n\t\t\t\t\t\t\t<div class=\"elementor-divider\">\n\t\t\t<span class=\"elementor-divider-separator\">\n\t\t\t\t\t\t<\/span>\n\t\t<\/div>\n\t\t\t\t\t\t<\/div>\n\t\t\t\t<\/div>\n\t\t\t\t<div class=\"elementor-element elementor-element-6c4c0ae elementor-widget elementor-widget-text-editor\" data-id=\"6c4c0ae\" data-element_type=\"widget\" data-e-type=\"widget\" data-widget_type=\"text-editor.default\">\n\t\t\t\t<div class=\"elementor-widget-container\">\n\t\t\t\t\t\t\t\t\tMotorsteuerung war und ist von Anfang an ein wesentlicher Bestandteil der technologischen Entwicklung. Diese Reihe von Motoren, die mit einem Inverter ausgestattet sind, der sowohl in dreiphasiger als auch in einphasiger Ausf\u00fchrung erh\u00e4ltlich ist, erm\u00f6glicht es dem Benutzer, jede Produktionsphase, in der der Motor in Frage gestellt wird, mit gro\u00dfer Pr\u00e4zision einzustellen. Die Wechselrichter sind bekannt f\u00fcr ihre geringe Gr\u00f6\u00dfe und sind ideal, wenn Sie:\n<ul class=\"normal\" style=\"list-style-type: none; margin-left: 0;\">\n  <li><i class=\"fa fa-check\"><\/i> Steuergeschwindigkeit, Drehmoment, Position oder Beschleunigung;<\/li>\n  <li><i class=\"fa fa-check\"><\/i> den Verbrauch von Energie und Materialien optimieren;<\/li>\n  <li><i class=\"fa fa-check\"><\/i> Kombinieren Sie verschiedene Maschinen mit einer Geschwindigkeitsregelung auf koordinierte Weise.<\/li>\n<\/ul>\t\t\t\t\t\t\t\t<\/div>\n\t\t\t\t<\/div>\n\t\t\t\t<div class=\"elementor-element elementor-element-ebad439 elementor-align-left elementor-widget elementor-widget-button\" data-id=\"ebad439\" data-element_type=\"widget\" data-e-type=\"widget\" data-widget_type=\"button.default\">\n\t\t\t\t<div class=\"elementor-widget-container\">\n\t\t\t\t\t\t\t\t\t<div class=\"elementor-button-wrapper\">\n\t\t\t\t\t<a class=\"elementor-button elementor-button-link elementor-size-sm\" href=\"https:\/\/cmesrl.com\/de\/kontakte\/\">\n\t\t\t\t\t\t<span class=\"elementor-button-content-wrapper\">\n\t\t\t\t\t\t<span class=\"elementor-button-icon\">\n\t\t\t\t\t\t\t\t\t<i class=\"fa fa-long-arrow-right\" aria-hidden=\"true\"><\/i>\n\t\t\t\t\t\t\t<\/span>\n\t\t\t\t\t\t\t\t\t<span class=\"elementor-button-text\">Kontaktieren Sie uns<\/span>\n\t\t\t\t\t<\/span>\n\t\t\t\t\t<\/a>\n\t\t\t\t<\/div>\n\t\t\t\t\t\t\t\t<\/div>\n\t\t\t\t<\/div>\n\t\t\t\t\t<\/div>\n\t\t<\/div>\n\t\t\t\t\t<\/div>\n\t\t<\/section>\n\t\t\t\t<section class=\"elementor-section elementor-top-section elementor-element elementor-element-d5aeedb elementor-section-boxed elementor-section-height-default elementor-section-height-default\" data-id=\"d5aeedb\" data-element_type=\"section\" data-e-type=\"section\">\n\t\t\t\t\t\t<div class=\"elementor-container elementor-column-gap-default\">\n\t\t\t\t\t<div class=\"elementor-column elementor-col-100 elementor-top-column elementor-element elementor-element-0bfcbde\" data-id=\"0bfcbde\" data-element_type=\"column\" data-e-type=\"column\">\n\t\t\t<div class=\"elementor-widget-wrap elementor-element-populated\">\n\t\t\t\t\t\t<div class=\"elementor-element elementor-element-7877d2b elementor-widget elementor-widget-text-editor\" data-id=\"7877d2b\" data-element_type=\"widget\" data-e-type=\"widget\" data-widget_type=\"text-editor.default\">\n\t\t\t\t<div class=\"elementor-widget-container\">\n\t\t\t\t\t\t\t\t\t<div class=\"span10 offset1\"><div class=\"span10 offset1\">C.M.E. Motoren srl bietet bereits w\u00e4hrend der Konstruktion geeignete Ma\u00dfnahmen, die das Risiko von Fehlfunktionen aufgrund der sogenannten &#8222;harmonischen Verformung&#8220; ausschlie\u00dfen.\u00a0<br \/>Wenn die Geschwindigkeits\u00e4nderung, die f\u00fcr die Benutzervorrichtung notwendig ist, signifikant ist und wenn vor allem die Maschine f\u00fcr eine betr\u00e4chtliche Zeit bei niedriger Geschwindigkeit ausgelegt ist, ist die Annahme der Servoventilation notwendig.\u00a0<br \/>Sie besteht in der Montage eines L\u00fcfterhaube inklusive L\u00fcfter, die unabh\u00e4ngig von der vom Wechselrichter geregelten Drehzahl eine konstante Bel\u00fcftung und gute K\u00fchlung des Motors und der Elektronik gew\u00e4hrleistet.<br \/>Die L\u00fcfterabdeckung ist perfekt f\u00fcr die Montage an jedem Elektromotor geeignet, anstelle der Klemmenabdeckung in den Gr\u00f6\u00dfen von 63 bis 100.\u00a0<br \/><br \/><\/div><div class=\"row caratteristiche-motori\">\u00a0<\/div><\/div><div class=\"row caratteristiche-motori\">\u00a0<\/div>\t\t\t\t\t\t\t\t<\/div>\n\t\t\t\t<\/div>\n\t\t\t\t\t<\/div>\n\t\t<\/div>\n\t\t\t\t\t<\/div>\n\t\t<\/section>\n\t\t\t\t<section class=\"elementor-section elementor-top-section elementor-element elementor-element-4d564d0c elementor-section-stretched elementor-section-boxed elementor-section-height-default elementor-section-height-default\" data-id=\"4d564d0c\" data-element_type=\"section\" data-e-type=\"section\" data-settings=\"{&quot;stretch_section&quot;:&quot;section-stretched&quot;}\">\n\t\t\t\t\t\t<div class=\"elementor-container elementor-column-gap-default\">\n\t\t\t\t\t<div class=\"elementor-column elementor-col-50 elementor-top-column elementor-element elementor-element-2064d47b\" data-id=\"2064d47b\" data-element_type=\"column\" data-e-type=\"column\" data-settings=\"{&quot;background_background&quot;:&quot;classic&quot;}\">\n\t\t\t<div class=\"elementor-widget-wrap elementor-element-populated\">\n\t\t\t\t\t\t<div class=\"elementor-element elementor-element-2548e706 elementor-widget elementor-widget-heading\" data-id=\"2548e706\" data-element_type=\"widget\" data-e-type=\"widget\" data-widget_type=\"heading.default\">\n\t\t\t\t<div class=\"elementor-widget-container\">\n\t\t\t\t\t<h2 class=\"elementor-heading-title elementor-size-default\">Merkmale:<\/h2>\t\t\t\t<\/div>\n\t\t\t\t<\/div>\n\t\t\t\t<div class=\"elementor-element elementor-element-f324b07 elementor-widget-divider--view-line elementor-widget elementor-widget-divider\" data-id=\"f324b07\" data-element_type=\"widget\" data-e-type=\"widget\" data-widget_type=\"divider.default\">\n\t\t\t\t<div class=\"elementor-widget-container\">\n\t\t\t\t\t\t\t<div class=\"elementor-divider\">\n\t\t\t<span class=\"elementor-divider-separator\">\n\t\t\t\t\t\t<\/span>\n\t\t<\/div>\n\t\t\t\t\t\t<\/div>\n\t\t\t\t<\/div>\n\t\t\t\t<div class=\"elementor-element elementor-element-38635c94 elementor-widget elementor-widget-text-editor\" data-id=\"38635c94\" data-element_type=\"widget\" data-e-type=\"widget\" data-widget_type=\"text-editor.default\">\n\t\t\t\t<div class=\"elementor-widget-container\">\n\t\t\t\t\t\t\t\t\t<p>Merkmal der Invertermotoren ist eine begrenzte Achsh\u00f6he, weshalb sie in Blechpaketen mit kleinem Au\u00dfendurchmesser untergebracht sind, je nach geforderter Leistung jedoch eine gr\u00f6\u00dfere L\u00e4nge aufweisen. Folgende Versionen sind erh\u00e4ltlich:\u00a0<br \/><br \/><\/p><ul><li>drei- oder einphasig, mit K\u00e4figk\u00e4ufern<\/li><li>gekapselt<\/li><li>mit Au\u00dfenl\u00fcftung<\/li><li>sowie ein- oder zweipolig<\/li><\/ul><p>Sie sind auch mit Sicherheitsbremse erh\u00e4ltlich.<\/p>\t\t\t\t\t\t\t\t<\/div>\n\t\t\t\t<\/div>\n\t\t\t\t\t<\/div>\n\t\t<\/div>\n\t\t\t\t<div class=\"elementor-column elementor-col-50 elementor-top-column elementor-element elementor-element-d23d242\" data-id=\"d23d242\" data-element_type=\"column\" data-e-type=\"column\" data-settings=\"{&quot;background_background&quot;:&quot;gradient&quot;}\">\n\t\t\t<div class=\"elementor-widget-wrap elementor-element-populated\">\n\t\t\t\t\t\t<div class=\"elementor-element elementor-element-2d0b6330 elementor-widget elementor-widget-heading\" data-id=\"2d0b6330\" data-element_type=\"widget\" data-e-type=\"widget\" data-widget_type=\"heading.default\">\n\t\t\t\t<div class=\"elementor-widget-container\">\n\t\t\t\t\t<h2 class=\"elementor-heading-title elementor-size-default\">Typische Anwendungen:<\/h2>\t\t\t\t<\/div>\n\t\t\t\t<\/div>\n\t\t\t\t<div class=\"elementor-element elementor-element-ee5c8f2 elementor-widget-divider--view-line elementor-widget elementor-widget-divider\" data-id=\"ee5c8f2\" data-element_type=\"widget\" data-e-type=\"widget\" data-widget_type=\"divider.default\">\n\t\t\t\t<div class=\"elementor-widget-container\">\n\t\t\t\t\t\t\t<div class=\"elementor-divider\">\n\t\t\t<span class=\"elementor-divider-separator\">\n\t\t\t\t\t\t<\/span>\n\t\t<\/div>\n\t\t\t\t\t\t<\/div>\n\t\t\t\t<\/div>\n\t\t\t\t<div class=\"elementor-element elementor-element-1a6960c6 elementor-widget elementor-widget-text-editor\" data-id=\"1a6960c6\" data-element_type=\"widget\" data-e-type=\"widget\" data-widget_type=\"text-editor.default\">\n\t\t\t\t<div class=\"elementor-widget-container\">\n\t\t\t\t\t\t\t\t\t<p>Viele Anwendungsbereiche:\u00a0<br \/><br \/><\/p><ul><li>Holz- Metall- Marmor und Glassbearbeitungsmaschine<\/li><li>Werkzeugmaschinen<\/li><li>Produktionslinien<\/li><li>Plastifizierung<\/li><li>Bel\u00fcftung<\/li><li>Pumpen<\/li><li>Hebevorrichtungen<\/li><li>Transporten<\/li><\/ul>\t\t\t\t\t\t\t\t<\/div>\n\t\t\t\t<\/div>\n\t\t\t\t\t<\/div>\n\t\t<\/div>\n\t\t\t\t\t<\/div>\n\t\t<\/section>\n\t\t\t\t<section class=\"elementor-section elementor-top-section elementor-element elementor-element-253e92e elementor-section-boxed elementor-section-height-default elementor-section-height-default\" data-id=\"253e92e\" data-element_type=\"section\" data-e-type=\"section\" data-settings=\"{&quot;background_background&quot;:&quot;classic&quot;}\">\n\t\t\t\t\t\t<div class=\"elementor-container elementor-column-gap-default\">\n\t\t\t\t\t<div class=\"elementor-column elementor-col-100 elementor-top-column elementor-element elementor-element-ada9280\" data-id=\"ada9280\" data-element_type=\"column\" data-e-type=\"column\">\n\t\t\t<div class=\"elementor-widget-wrap elementor-element-populated\">\n\t\t\t\t\t\t<div class=\"elementor-element elementor-element-79b86fb elementor-widget elementor-widget-text-editor\" data-id=\"79b86fb\" data-element_type=\"widget\" data-e-type=\"widget\" data-widget_type=\"text-editor.default\">\n\t\t\t\t<div class=\"elementor-widget-container\">\n\t\t\t\t\t\t\t\t\t<h4>Merke gut<\/h4><p>Die Anbringung eines Invertermotor an der Arbeitsmaschine muss durch erfahrenes Personal erfolgen, da sich bis zur Erreichung einer bestimmten Frequenz die Versorgungsspannung proportional erh\u00f6ht, das hei\u00dft, der Motor liefert immer das gleiche Drehmoment an die Welle. Dieses erste Stadium wird als \u201ekonstantes Drehmoment mit wechselnder Leistung\u201c bezeichnet. Nach \u00dcberschreiten einer bestimmten Frequenz erh\u00f6ht sich die Spannung nicht mehr und das Drehmoment des Motors muss trotz schnellerer Drehung reduziert werden. Dieses zweite Stadium wird als \u201ekonstante Leistung mit wechselndem Drehmoment\u201c bezeichnet.\u00a0<\/p>\t\t\t\t\t\t\t\t<\/div>\n\t\t\t\t<\/div>\n\t\t\t\t\t<\/div>\n\t\t<\/div>\n\t\t\t\t\t<\/div>\n\t\t<\/section>\n\t\t\t\t<section class=\"elementor-section elementor-top-section elementor-element elementor-element-42f3970b elementor-section-boxed elementor-section-height-default elementor-section-height-default\" data-id=\"42f3970b\" data-element_type=\"section\" data-e-type=\"section\" data-settings=\"{&quot;background_background&quot;:&quot;gradient&quot;}\">\n\t\t\t\t\t\t<div class=\"elementor-container elementor-column-gap-default\">\n\t\t\t\t\t<div class=\"elementor-column elementor-col-100 elementor-top-column elementor-element elementor-element-d7717b9\" data-id=\"d7717b9\" data-element_type=\"column\" data-e-type=\"column\">\n\t\t\t<div class=\"elementor-widget-wrap elementor-element-populated\">\n\t\t\t\t\t\t<div class=\"elementor-element elementor-element-178e66d7 elementor-widget elementor-widget-heading\" data-id=\"178e66d7\" data-element_type=\"widget\" data-e-type=\"widget\" data-widget_type=\"heading.default\">\n\t\t\t\t<div class=\"elementor-widget-container\">\n\t\t\t\t\t<h2 class=\"elementor-heading-title elementor-size-default\"><b>Sind Sie an diesem Produkt interessiert?<br><\/b> Kontaktieren Sie uns f\u00fcr weitere Informationen.<\/h2>\t\t\t\t<\/div>\n\t\t\t\t<\/div>\n\t\t\t\t<div class=\"elementor-element elementor-element-498afc32 elementor-align-center elementor-widget elementor-widget-button\" data-id=\"498afc32\" data-element_type=\"widget\" data-e-type=\"widget\" data-widget_type=\"button.default\">\n\t\t\t\t<div class=\"elementor-widget-container\">\n\t\t\t\t\t\t\t\t\t<div class=\"elementor-button-wrapper\">\n\t\t\t\t\t<a class=\"elementor-button elementor-button-link elementor-size-md\" href=\"https:\/\/cmesrl.com\/de\/kontakte\/\">\n\t\t\t\t\t\t<span class=\"elementor-button-content-wrapper\">\n\t\t\t\t\t\t<span class=\"elementor-button-icon\">\n\t\t\t\t\t\t\t\t\t<i class=\"fa fa-long-arrow-right\" aria-hidden=\"true\"><\/i>\n\t\t\t\t\t\t\t<\/span>\n\t\t\t\t\t\t\t\t\t<span class=\"elementor-button-text\">Informationen anfordern<\/span>\n\t\t\t\t\t<\/span>\n\t\t\t\t\t<\/a>\n\t\t\t\t<\/div>\n\t\t\t\t\t\t\t\t<\/div>\n\t\t\t\t<\/div>\n\t\t\t\t\t<\/div>\n\t\t<\/div>\n\t\t\t\t\t<\/div>\n\t\t<\/section>\n\t\t\t\t<\/div>\n\t\t","protected":false},"excerpt":{"rendered":"<p>Inverter Motoren Beschreibung Motorsteuerung war und ist von Anfang an ein wesentlicher Bestandteil der technologischen Entwicklung. Diese Reihe von Motoren, die mit einem Inverter ausgestattet sind, der sowohl in dreiphasiger als auch in einphasiger Ausf\u00fchrung erh\u00e4ltlich ist, erm\u00f6glicht es dem Benutzer, jede Produktionsphase, in der der Motor in Frage gestellt wird, mit gro\u00dfer Pr\u00e4zision einzustellen. [&hellip;]<\/p>\n","protected":false},"author":1,"featured_media":0,"parent":0,"menu_order":0,"comment_status":"closed","ping_status":"closed","template":"elementor_header_footer","meta":{"footnotes":""},"class_list":["post-2724","page","type-page","status-publish","hentry","entry"],"yoast_head":"<!-- This site is optimized with the Yoast SEO plugin v24.7 - https:\/\/yoast.com\/wordpress\/plugins\/seo\/ -->\n<title>Inverter Motoren - Produktion und Vertrieb CME srl<\/title>\n<meta name=\"description\" content=\"Motoren ausgestattet mit Umrichter, verf\u00fcgbar in Drehstrom- und Einphasenregelung, mit hoher Pr\u00e4zision der Produktionsphase Info CME srl\" \/>\n<meta name=\"robots\" content=\"index, follow, max-snippet:-1, max-image-preview:large, max-video-preview:-1\" \/>\n<link rel=\"canonical\" href=\"https:\/\/www.cmesrl.com\/de\/inverter-motoren\/\" \/>\n<meta property=\"og:locale\" content=\"de_DE\" \/>\n<meta property=\"og:type\" content=\"article\" \/>\n<meta property=\"og:title\" content=\"Inverter Motoren - Produktion und Vertrieb CME srl\" \/>\n<meta property=\"og:description\" content=\"Motoren ausgestattet mit Umrichter, verf\u00fcgbar in Drehstrom- und Einphasenregelung, mit hoher Pr\u00e4zision der Produktionsphase Info CME srl\" \/>\n<meta property=\"og:url\" content=\"https:\/\/www.cmesrl.com\/de\/inverter-motoren\/\" \/>\n<meta property=\"og:site_name\" content=\"Costruzione e Vendita Motori Elettrici CME srl\" \/>\n<meta property=\"article:publisher\" content=\"https:\/\/www.facebook.com\/CMEmotorielettrici\/\" \/>\n<meta property=\"article:modified_time\" content=\"2025-06-23T17:07:20+00:00\" \/>\n<meta property=\"og:image\" content=\"https:\/\/www.cmesrl.com\/wp-content\/uploads\/2018\/12\/inverter-motore-prodotto-big.jpg\" \/>\n\t<meta property=\"og:image:width\" content=\"800\" \/>\n\t<meta property=\"og:image:height\" content=\"746\" \/>\n\t<meta property=\"og:image:type\" content=\"image\/jpeg\" \/>\n<meta name=\"twitter:card\" content=\"summary_large_image\" \/>\n<meta name=\"twitter:label1\" content=\"Gesch\u00e4tzte Lesezeit\" \/>\n\t<meta name=\"twitter:data1\" content=\"3\u00a0Minuten\" \/>\n<script type=\"application\/ld+json\" class=\"yoast-schema-graph\">{\"@context\":\"https:\/\/schema.org\",\"@graph\":[{\"@type\":\"WebPage\",\"@id\":\"https:\/\/www.cmesrl.com\/de\/inverter-motoren\/\",\"url\":\"https:\/\/www.cmesrl.com\/de\/inverter-motoren\/\",\"name\":\"Inverter Motoren - Produktion und Vertrieb CME srl\",\"isPartOf\":{\"@id\":\"https:\/\/www.cmesrl.com\/#website\"},\"primaryImageOfPage\":{\"@id\":\"https:\/\/www.cmesrl.com\/de\/inverter-motoren\/#primaryimage\"},\"image\":{\"@id\":\"https:\/\/www.cmesrl.com\/de\/inverter-motoren\/#primaryimage\"},\"thumbnailUrl\":\"https:\/\/www.cmesrl.com\/wp-content\/uploads\/2018\/12\/inverter-motore-prodotto-big.jpg\",\"datePublished\":\"2018-12-20T11:03:08+00:00\",\"dateModified\":\"2025-06-23T17:07:20+00:00\",\"description\":\"Motoren ausgestattet mit Umrichter, verf\u00fcgbar in Drehstrom- und Einphasenregelung, mit hoher Pr\u00e4zision der Produktionsphase Info CME srl\",\"breadcrumb\":{\"@id\":\"https:\/\/www.cmesrl.com\/de\/inverter-motoren\/#breadcrumb\"},\"inLanguage\":\"de\",\"potentialAction\":[{\"@type\":\"ReadAction\",\"target\":[\"https:\/\/www.cmesrl.com\/de\/inverter-motoren\/\"]}]},{\"@type\":\"ImageObject\",\"inLanguage\":\"de\",\"@id\":\"https:\/\/www.cmesrl.com\/de\/inverter-motoren\/#primaryimage\",\"url\":\"https:\/\/www.cmesrl.com\/wp-content\/uploads\/2018\/12\/inverter-motore-prodotto-big.jpg\",\"contentUrl\":\"https:\/\/www.cmesrl.com\/wp-content\/uploads\/2018\/12\/inverter-motore-prodotto-big.jpg\"},{\"@type\":\"BreadcrumbList\",\"@id\":\"https:\/\/www.cmesrl.com\/de\/inverter-motoren\/#breadcrumb\",\"itemListElement\":[{\"@type\":\"ListItem\",\"position\":1,\"name\":\"Home\",\"item\":\"https:\/\/www.cmesrl.com\/de\/home-2\/\"},{\"@type\":\"ListItem\",\"position\":2,\"name\":\"Inverter Motoren\"}]},{\"@type\":\"WebSite\",\"@id\":\"https:\/\/www.cmesrl.com\/#website\",\"url\":\"https:\/\/www.cmesrl.com\/\",\"name\":\"Motori Elettrici Produzione Vendita CME\",\"description\":\"Costruzione e Vendita Motori Elettrici CME srl\",\"potentialAction\":[{\"@type\":\"SearchAction\",\"target\":{\"@type\":\"EntryPoint\",\"urlTemplate\":\"https:\/\/www.cmesrl.com\/?s={search_term_string}\"},\"query-input\":{\"@type\":\"PropertyValueSpecification\",\"valueRequired\":true,\"valueName\":\"search_term_string\"}}],\"inLanguage\":\"de\"}]}<\/script>\n<!-- \/ Yoast SEO plugin. -->","yoast_head_json":{"title":"Inverter Motoren - Produktion und Vertrieb CME srl","description":"Motoren ausgestattet mit Umrichter, verf\u00fcgbar in Drehstrom- und Einphasenregelung, mit hoher Pr\u00e4zision der Produktionsphase Info CME srl","robots":{"index":"index","follow":"follow","max-snippet":"max-snippet:-1","max-image-preview":"max-image-preview:large","max-video-preview":"max-video-preview:-1"},"canonical":"https:\/\/www.cmesrl.com\/de\/inverter-motoren\/","og_locale":"de_DE","og_type":"article","og_title":"Inverter Motoren - Produktion und Vertrieb CME srl","og_description":"Motoren ausgestattet mit Umrichter, verf\u00fcgbar in Drehstrom- und Einphasenregelung, mit hoher Pr\u00e4zision der Produktionsphase Info CME srl","og_url":"https:\/\/www.cmesrl.com\/de\/inverter-motoren\/","og_site_name":"Costruzione e Vendita Motori Elettrici CME srl","article_publisher":"https:\/\/www.facebook.com\/CMEmotorielettrici\/","article_modified_time":"2025-06-23T17:07:20+00:00","og_image":[{"width":800,"height":746,"url":"https:\/\/www.cmesrl.com\/wp-content\/uploads\/2018\/12\/inverter-motore-prodotto-big.jpg","type":"image\/jpeg"}],"twitter_card":"summary_large_image","twitter_misc":{"Gesch\u00e4tzte Lesezeit":"3\u00a0Minuten"},"schema":{"@context":"https:\/\/schema.org","@graph":[{"@type":"WebPage","@id":"https:\/\/www.cmesrl.com\/de\/inverter-motoren\/","url":"https:\/\/www.cmesrl.com\/de\/inverter-motoren\/","name":"Inverter Motoren - Produktion und Vertrieb CME srl","isPartOf":{"@id":"https:\/\/www.cmesrl.com\/#website"},"primaryImageOfPage":{"@id":"https:\/\/www.cmesrl.com\/de\/inverter-motoren\/#primaryimage"},"image":{"@id":"https:\/\/www.cmesrl.com\/de\/inverter-motoren\/#primaryimage"},"thumbnailUrl":"https:\/\/www.cmesrl.com\/wp-content\/uploads\/2018\/12\/inverter-motore-prodotto-big.jpg","datePublished":"2018-12-20T11:03:08+00:00","dateModified":"2025-06-23T17:07:20+00:00","description":"Motoren ausgestattet mit Umrichter, verf\u00fcgbar in Drehstrom- und Einphasenregelung, mit hoher Pr\u00e4zision der Produktionsphase Info CME srl","breadcrumb":{"@id":"https:\/\/www.cmesrl.com\/de\/inverter-motoren\/#breadcrumb"},"inLanguage":"de","potentialAction":[{"@type":"ReadAction","target":["https:\/\/www.cmesrl.com\/de\/inverter-motoren\/"]}]},{"@type":"ImageObject","inLanguage":"de","@id":"https:\/\/www.cmesrl.com\/de\/inverter-motoren\/#primaryimage","url":"https:\/\/www.cmesrl.com\/wp-content\/uploads\/2018\/12\/inverter-motore-prodotto-big.jpg","contentUrl":"https:\/\/www.cmesrl.com\/wp-content\/uploads\/2018\/12\/inverter-motore-prodotto-big.jpg"},{"@type":"BreadcrumbList","@id":"https:\/\/www.cmesrl.com\/de\/inverter-motoren\/#breadcrumb","itemListElement":[{"@type":"ListItem","position":1,"name":"Home","item":"https:\/\/www.cmesrl.com\/de\/home-2\/"},{"@type":"ListItem","position":2,"name":"Inverter Motoren"}]},{"@type":"WebSite","@id":"https:\/\/www.cmesrl.com\/#website","url":"https:\/\/www.cmesrl.com\/","name":"Motori Elettrici Produzione Vendita CME","description":"Costruzione e Vendita Motori Elettrici CME srl","potentialAction":[{"@type":"SearchAction","target":{"@type":"EntryPoint","urlTemplate":"https:\/\/www.cmesrl.com\/?s={search_term_string}"},"query-input":{"@type":"PropertyValueSpecification","valueRequired":true,"valueName":"search_term_string"}}],"inLanguage":"de"}]}},"_links":{"self":[{"href":"https:\/\/www.cmesrl.com\/de\/wp-json\/wp\/v2\/pages\/2724"}],"collection":[{"href":"https:\/\/www.cmesrl.com\/de\/wp-json\/wp\/v2\/pages"}],"about":[{"href":"https:\/\/www.cmesrl.com\/de\/wp-json\/wp\/v2\/types\/page"}],"author":[{"embeddable":true,"href":"https:\/\/www.cmesrl.com\/de\/wp-json\/wp\/v2\/users\/1"}],"replies":[{"embeddable":true,"href":"https:\/\/www.cmesrl.com\/de\/wp-json\/wp\/v2\/comments?post=2724"}],"version-history":[{"count":7,"href":"https:\/\/www.cmesrl.com\/de\/wp-json\/wp\/v2\/pages\/2724\/revisions"}],"predecessor-version":[{"id":7687,"href":"https:\/\/www.cmesrl.com\/de\/wp-json\/wp\/v2\/pages\/2724\/revisions\/7687"}],"wp:attachment":[{"href":"https:\/\/www.cmesrl.com\/de\/wp-json\/wp\/v2\/media?parent=2724"}],"curies":[{"name":"wp","href":"https:\/\/api.w.org\/{rel}","templated":true}]}}